{"id":48,"date":"2023-12-02T14:46:34","date_gmt":"2023-12-02T13:46:34","guid":{"rendered":"http:\/\/mimesis.paris\/?page_id=48"},"modified":"2025-07-10T15:04:17","modified_gmt":"2025-07-10T13:04:17","slug":"a-propos","status":"publish","type":"page","link":"https:\/\/mimesis.paris\/index.php\/a-propos\/","title":{"rendered":"\u00c0 Propos"},"content":{"rendered":"\t\t<div data-elementor-type=\"wp-page\" data-elementor-id=\"48\" class=\"elementor elementor-48\">\n\t\t\t\t<div class=\"elementor-element elementor-element-72c848e e-flex e-con-boxed wpr-particle-no wpr-jarallax-no wpr-parallax-no wpr-sticky-section-no e-con e-parent\" data-id=\"72c848e\" data-element_type=\"container\" data-e-type=\"container\">\n\t\t\t\t\t<div class=\"e-con-inner\">\n\t\t<div class=\"elementor-element elementor-element-e8aa440 e-con-full e-flex wpr-particle-no wpr-jarallax-no wpr-parallax-no wpr-sticky-section-no e-con e-child\" data-id=\"e8aa440\" data-element_type=\"container\" data-e-type=\"container\">\n\t\t\t\t<div class=\"elementor-element elementor-element-4ec0ce5 elementor-widget elementor-widget-image\" data-id=\"4ec0ce5\" data-element_type=\"widget\" data-e-type=\"widget\" data-widget_type=\"image.default\">\n\t\t\t\t<div class=\"elementor-widget-container\">\n\t\t\t\t\t\t\t\t\t\t\t\t\t\t\t<img fetchpriority=\"high\" decoding=\"async\" width=\"1024\" height=\"768\" src=\"https:\/\/mimesis.paris\/wp-content\/uploads\/2023\/12\/Charlotte-Perrigaud-Costumiere-Mimesis-Costumes-1-1024x768.jpg\" class=\"attachment-large size-large wp-image-152\" alt=\"\" srcset=\"https:\/\/mimesis.paris\/wp-content\/uploads\/2023\/12\/Charlotte-Perrigaud-Costumiere-Mimesis-Costumes-1-1024x768.jpg 1024w, https:\/\/mimesis.paris\/wp-content\/uploads\/2023\/12\/Charlotte-Perrigaud-Costumiere-Mimesis-Costumes-1-300x225.jpg 300w, https:\/\/mimesis.paris\/wp-content\/uploads\/2023\/12\/Charlotte-Perrigaud-Costumiere-Mimesis-Costumes-1-768x576.jpg 768w, https:\/\/mimesis.paris\/wp-content\/uploads\/2023\/12\/Charlotte-Perrigaud-Costumiere-Mimesis-Costumes-1-1536x1152.jpg 1536w, https:\/\/mimesis.paris\/wp-content\/uploads\/2023\/12\/Charlotte-Perrigaud-Costumiere-Mimesis-Costumes-1-2048x1536.jpg 2048w, https:\/\/mimesis.paris\/wp-content\/uploads\/2023\/12\/Charlotte-Perrigaud-Costumiere-Mimesis-Costumes-1-80x60.jpg 80w\" sizes=\"(max-width: 1024px) 100vw, 1024px\" \/>\t\t\t\t\t\t\t\t\t\t\t\t\t\t\t<\/div>\n\t\t\t\t<\/div>\n\t\t\t\t<\/div>\n\t\t<div class=\"elementor-element elementor-element-16bfa64 e-con-full e-flex wpr-particle-no wpr-jarallax-no wpr-parallax-no wpr-sticky-section-no e-con e-child\" data-id=\"16bfa64\" data-element_type=\"container\" data-e-type=\"container\">\n\t\t\t\t<div class=\"elementor-element elementor-element-2db844e elementor-widget elementor-widget-text-editor\" data-id=\"2db844e\" data-element_type=\"widget\" data-e-type=\"widget\" data-widget_type=\"text-editor.default\">\n\t\t\t\t<div class=\"elementor-widget-container\">\n\t\t\t\t\t\t\t\t\t<p>\u00a0<\/p>\n<p>Bas\u00e9e \u00e0 Paris, mon expertise en couture d\u00e9coule de mes \u00e9tudes \u00e0 l&rsquo;\u00e9cole Paul Poiret, sp\u00e9cialis\u00e9e dans les arts du spectacle et du costume. Je m&rsquo;engage \u00e0 offrir une exp\u00e9rience personnalis\u00e9e, \u00e0 travers des essayages \u00e0 domicile, pour que chaque client vive l&rsquo;exp\u00e9rience unique d&rsquo;une cr\u00e9ation sur mesure.<\/p>\t\t\t\t\t\t\t\t<\/div>\n\t\t\t\t<\/div>\n\t\t\t\t<\/div>\n\t\t\t\t\t<\/div>\n\t\t\t\t<\/div>\n\t\t\t\t<\/div>\n\t\t","protected":false},"excerpt":{"rendered":"<p>\u00a0 Bas\u00e9e \u00e0 Paris, mon expertise en couture d\u00e9coule de mes \u00e9tudes \u00e0 l&rsquo;\u00e9cole Paul Poiret, sp\u00e9cialis\u00e9e dans les arts du spectacle et du costume. Je m&rsquo;engage \u00e0 offrir une exp\u00e9rience personnalis\u00e9e, \u00e0 travers des essayages \u00e0 domicile, pour que chaque client vive l&rsquo;exp\u00e9rience unique d&rsquo;une cr\u00e9ation sur mesure.<\/p>\n","protected":false},"author":1,"featured_media":0,"parent":0,"menu_order":0,"comment_status":"closed","ping_status":"closed","template":"","meta":{"_themeisle_gutenberg_block_has_review":false,"footnotes":""},"class_list":["post-48","page","type-page","status-publish","hentry"],"yoast_head":"<!-- This site is optimized with the Yoast SEO plugin v27.1.1 - https:\/\/yoast.com\/product\/yoast-seo-wordpress\/ -->\n<title>\u00c0 Propos - MIMESIS COSTUMES<\/title>\n<meta name=\"robots\" content=\"index, follow, max-snippet:-1, max-image-preview:large, max-video-preview:-1\" \/>\n<link rel=\"canonical\" href=\"https:\/\/mimesis.paris\/index.php\/a-propos\/\" \/>\n<meta property=\"og:locale\" content=\"fr_FR\" \/>\n<meta property=\"og:type\" content=\"article\" \/>\n<meta property=\"og:title\" content=\"\u00c0 Propos - MIMESIS COSTUMES\" \/>\n<meta property=\"og:description\" content=\"\u00a0 Bas\u00e9e \u00e0 Paris, mon expertise en couture d\u00e9coule de mes \u00e9tudes \u00e0 l&rsquo;\u00e9cole Paul Poiret, sp\u00e9cialis\u00e9e dans les arts du spectacle et du costume. Je m&rsquo;engage \u00e0 offrir une exp\u00e9rience personnalis\u00e9e, \u00e0 travers des essayages \u00e0 domicile, pour que chaque client vive l&rsquo;exp\u00e9rience unique d&rsquo;une cr\u00e9ation sur mesure.\" \/>\n<meta property=\"og:url\" content=\"https:\/\/mimesis.paris\/index.php\/a-propos\/\" \/>\n<meta property=\"og:site_name\" content=\"MIMESIS COSTUMES\" \/>\n<meta property=\"article:modified_time\" content=\"2025-07-10T13:04:17+00:00\" \/>\n<meta property=\"og:image\" content=\"https:\/\/mimesis.paris\/wp-content\/uploads\/2023\/12\/Charlotte-Perrigaud-Costumiere-Mimesis-Costumes-1-scaled.jpg\" \/>\n\t<meta property=\"og:image:width\" content=\"2560\" \/>\n\t<meta property=\"og:image:height\" content=\"1920\" \/>\n\t<meta property=\"og:image:type\" content=\"image\/jpeg\" \/>\n<meta name=\"twitter:card\" content=\"summary_large_image\" \/>\n<meta name=\"twitter:label1\" content=\"Dur\u00e9e de lecture estim\u00e9e\" \/>\n\t<meta name=\"twitter:data1\" content=\"1 minute\" \/>\n<script type=\"application\/ld+json\" class=\"yoast-schema-graph\">{\"@context\":\"https:\/\/schema.org\",\"@graph\":[{\"@type\":\"WebPage\",\"@id\":\"https:\/\/mimesis.paris\/index.php\/a-propos\/\",\"url\":\"https:\/\/mimesis.paris\/index.php\/a-propos\/\",\"name\":\"\u00c0 Propos - MIMESIS COSTUMES\",\"isPartOf\":{\"@id\":\"https:\/\/mimesis.paris\/#website\"},\"primaryImageOfPage\":{\"@id\":\"https:\/\/mimesis.paris\/index.php\/a-propos\/#primaryimage\"},\"image\":{\"@id\":\"https:\/\/mimesis.paris\/index.php\/a-propos\/#primaryimage\"},\"thumbnailUrl\":\"https:\/\/mimesis.paris\/wp-content\/uploads\/2023\/12\/Charlotte-Perrigaud-Costumiere-Mimesis-Costumes-1-1024x768.jpg\",\"datePublished\":\"2023-12-02T13:46:34+00:00\",\"dateModified\":\"2025-07-10T13:04:17+00:00\",\"inLanguage\":\"fr-FR\",\"potentialAction\":[{\"@type\":\"ReadAction\",\"target\":[\"https:\/\/mimesis.paris\/index.php\/a-propos\/\"]}]},{\"@type\":\"ImageObject\",\"inLanguage\":\"fr-FR\",\"@id\":\"https:\/\/mimesis.paris\/index.php\/a-propos\/#primaryimage\",\"url\":\"https:\/\/mimesis.paris\/wp-content\/uploads\/2023\/12\/Charlotte-Perrigaud-Costumiere-Mimesis-Costumes-1-scaled.jpg\",\"contentUrl\":\"https:\/\/mimesis.paris\/wp-content\/uploads\/2023\/12\/Charlotte-Perrigaud-Costumiere-Mimesis-Costumes-1-scaled.jpg\",\"width\":2560,\"height\":1920},{\"@type\":\"WebSite\",\"@id\":\"https:\/\/mimesis.paris\/#website\",\"url\":\"https:\/\/mimesis.paris\/\",\"name\":\"MIMESIS COSTUMES\",\"description\":\"Paris\",\"publisher\":{\"@id\":\"https:\/\/mimesis.paris\/#\/schema\/person\/338a7eb9286ed12d69730a2c561a346e\"},\"potentialAction\":[{\"@type\":\"SearchAction\",\"target\":{\"@type\":\"EntryPoint\",\"urlTemplate\":\"https:\/\/mimesis.paris\/?s={search_term_string}\"},\"query-input\":{\"@type\":\"PropertyValueSpecification\",\"valueRequired\":true,\"valueName\":\"search_term_string\"}}],\"inLanguage\":\"fr-FR\"},{\"@type\":[\"Person\",\"Organization\"],\"@id\":\"https:\/\/mimesis.paris\/#\/schema\/person\/338a7eb9286ed12d69730a2c561a346e\",\"name\":\"admin7558\",\"image\":{\"@type\":\"ImageObject\",\"inLanguage\":\"fr-FR\",\"@id\":\"https:\/\/mimesis.paris\/#\/schema\/person\/image\/\",\"url\":\"https:\/\/mimesis.paris\/wp-content\/uploads\/2023\/12\/cropped-Mimesis-Costumes-Logo-1-e1701484539251.png\",\"contentUrl\":\"https:\/\/mimesis.paris\/wp-content\/uploads\/2023\/12\/cropped-Mimesis-Costumes-Logo-1-e1701484539251.png\",\"width\":200,\"height\":101,\"caption\":\"admin7558\"},\"logo\":{\"@id\":\"https:\/\/mimesis.paris\/#\/schema\/person\/image\/\"},\"sameAs\":[\"http:\/\/mimesis.paris\"]}]}<\/script>\n<!-- \/ Yoast SEO plugin. -->","yoast_head_json":{"title":"\u00c0 Propos - MIMESIS COSTUMES","robots":{"index":"index","follow":"follow","max-snippet":"max-snippet:-1","max-image-preview":"max-image-preview:large","max-video-preview":"max-video-preview:-1"},"canonical":"https:\/\/mimesis.paris\/index.php\/a-propos\/","og_locale":"fr_FR","og_type":"article","og_title":"\u00c0 Propos - MIMESIS COSTUMES","og_description":"\u00a0 Bas\u00e9e \u00e0 Paris, mon expertise en couture d\u00e9coule de mes \u00e9tudes \u00e0 l&rsquo;\u00e9cole Paul Poiret, sp\u00e9cialis\u00e9e dans les arts du spectacle et du costume. Je m&rsquo;engage \u00e0 offrir une exp\u00e9rience personnalis\u00e9e, \u00e0 travers des essayages \u00e0 domicile, pour que chaque client vive l&rsquo;exp\u00e9rience unique d&rsquo;une cr\u00e9ation sur mesure.","og_url":"https:\/\/mimesis.paris\/index.php\/a-propos\/","og_site_name":"MIMESIS COSTUMES","article_modified_time":"2025-07-10T13:04:17+00:00","og_image":[{"width":2560,"height":1920,"url":"https:\/\/mimesis.paris\/wp-content\/uploads\/2023\/12\/Charlotte-Perrigaud-Costumiere-Mimesis-Costumes-1-scaled.jpg","type":"image\/jpeg"}],"twitter_card":"summary_large_image","twitter_misc":{"Dur\u00e9e de lecture estim\u00e9e":"1 minute"},"schema":{"@context":"https:\/\/schema.org","@graph":[{"@type":"WebPage","@id":"https:\/\/mimesis.paris\/index.php\/a-propos\/","url":"https:\/\/mimesis.paris\/index.php\/a-propos\/","name":"\u00c0 Propos - MIMESIS COSTUMES","isPartOf":{"@id":"https:\/\/mimesis.paris\/#website"},"primaryImageOfPage":{"@id":"https:\/\/mimesis.paris\/index.php\/a-propos\/#primaryimage"},"image":{"@id":"https:\/\/mimesis.paris\/index.php\/a-propos\/#primaryimage"},"thumbnailUrl":"https:\/\/mimesis.paris\/wp-content\/uploads\/2023\/12\/Charlotte-Perrigaud-Costumiere-Mimesis-Costumes-1-1024x768.jpg","datePublished":"2023-12-02T13:46:34+00:00","dateModified":"2025-07-10T13:04:17+00:00","inLanguage":"fr-FR","potentialAction":[{"@type":"ReadAction","target":["https:\/\/mimesis.paris\/index.php\/a-propos\/"]}]},{"@type":"ImageObject","inLanguage":"fr-FR","@id":"https:\/\/mimesis.paris\/index.php\/a-propos\/#primaryimage","url":"https:\/\/mimesis.paris\/wp-content\/uploads\/2023\/12\/Charlotte-Perrigaud-Costumiere-Mimesis-Costumes-1-scaled.jpg","contentUrl":"https:\/\/mimesis.paris\/wp-content\/uploads\/2023\/12\/Charlotte-Perrigaud-Costumiere-Mimesis-Costumes-1-scaled.jpg","width":2560,"height":1920},{"@type":"WebSite","@id":"https:\/\/mimesis.paris\/#website","url":"https:\/\/mimesis.paris\/","name":"MIMESIS COSTUMES","description":"Paris","publisher":{"@id":"https:\/\/mimesis.paris\/#\/schema\/person\/338a7eb9286ed12d69730a2c561a346e"},"potentialAction":[{"@type":"SearchAction","target":{"@type":"EntryPoint","urlTemplate":"https:\/\/mimesis.paris\/?s={search_term_string}"},"query-input":{"@type":"PropertyValueSpecification","valueRequired":true,"valueName":"search_term_string"}}],"inLanguage":"fr-FR"},{"@type":["Person","Organization"],"@id":"https:\/\/mimesis.paris\/#\/schema\/person\/338a7eb9286ed12d69730a2c561a346e","name":"admin7558","image":{"@type":"ImageObject","inLanguage":"fr-FR","@id":"https:\/\/mimesis.paris\/#\/schema\/person\/image\/","url":"https:\/\/mimesis.paris\/wp-content\/uploads\/2023\/12\/cropped-Mimesis-Costumes-Logo-1-e1701484539251.png","contentUrl":"https:\/\/mimesis.paris\/wp-content\/uploads\/2023\/12\/cropped-Mimesis-Costumes-Logo-1-e1701484539251.png","width":200,"height":101,"caption":"admin7558"},"logo":{"@id":"https:\/\/mimesis.paris\/#\/schema\/person\/image\/"},"sameAs":["http:\/\/mimesis.paris"]}]}},"_links":{"self":[{"href":"https:\/\/mimesis.paris\/index.php\/wp-json\/wp\/v2\/pages\/48","targetHints":{"allow":["GET"]}}],"collection":[{"href":"https:\/\/mimesis.paris\/index.php\/wp-json\/wp\/v2\/pages"}],"about":[{"href":"https:\/\/mimesis.paris\/index.php\/wp-json\/wp\/v2\/types\/page"}],"author":[{"embeddable":true,"href":"https:\/\/mimesis.paris\/index.php\/wp-json\/wp\/v2\/users\/1"}],"replies":[{"embeddable":true,"href":"https:\/\/mimesis.paris\/index.php\/wp-json\/wp\/v2\/comments?post=48"}],"version-history":[{"count":14,"href":"https:\/\/mimesis.paris\/index.php\/wp-json\/wp\/v2\/pages\/48\/revisions"}],"predecessor-version":[{"id":1248,"href":"https:\/\/mimesis.paris\/index.php\/wp-json\/wp\/v2\/pages\/48\/revisions\/1248"}],"wp:attachment":[{"href":"https:\/\/mimesis.paris\/index.php\/wp-json\/wp\/v2\/media?parent=48"}],"curies":[{"name":"wp","href":"https:\/\/api.w.org\/{rel}","templated":true}]}}