{"id":432,"date":"2024-01-02T16:28:59","date_gmt":"2024-01-02T15:28:59","guid":{"rendered":"https:\/\/mimesis.paris\/?page_id=432"},"modified":"2024-01-04T19:06:51","modified_gmt":"2024-01-04T18:06:51","slug":"432-2","status":"publish","type":"page","link":"https:\/\/mimesis.paris\/index.php\/432-2\/","title":{"rendered":"Politique de confidentialit\u00e9"},"content":{"rendered":"\n<p><strong>https:\/\/mimesis.paris<br>Charlotte Perrigaud<\/strong><\/p>\n\n\n\n<p><strong>Type de site : e-commerce<\/strong><\/p>\n\n\n\n<h2 class=\"wp-block-heading\">Le but de cette politique de confidentialit\u00e9<\/h2>\n\n\n\n<p>Le but de cette politique de confidentialit\u00e9 est d&rsquo;informer les utilisateurs de notre site des donn\u00e9es personnelles que nous recueillerons.<\/p>\n\n\n\n<p>Ainsi que les informations suivantes, le cas \u00e9ch\u00e9ant :<\/p>\n\n\n\n<p><strong>a<\/strong>. Les donn\u00e9es personnelles que nous recueillerons<br><strong>b<\/strong>. L&rsquo;utilisation des donn\u00e9es recueillies<br><strong>c<\/strong>. Qui a acc\u00e8s aux donn\u00e9es recueillies<br><strong>d<\/strong>. Les droits des utilisateurs du site<br><strong>e<\/strong>. La politique de cookies du site<\/p>\n\n\n\n<p>Cette politique de confidentialit\u00e9 fonctionne parall\u00e8lement aux conditions g\u00e9n\u00e9rales d&rsquo;utilisation de notre site.<\/p>\n\n\n\n<h2 class=\"wp-block-heading\">Lois applicables<\/h2>\n\n\n\n<p>Conform\u00e9ment au R\u00e8glement g\u00e9n\u00e9ral sur la protection des donn\u00e9es (RGPD), cette politique de confidentialit\u00e9 est conforme aux r\u00e8glements suivants.<\/p>\n\n\n\n<p>Les donn\u00e9es \u00e0 caract\u00e8re personnel doivent \u00eatre :<\/p>\n\n\n\n<p><strong>a<\/strong>. trait\u00e9es de mani\u00e8re licite, loyale et transparente au regard de la personne concern\u00e9e (lic\u00e9it\u00e9, loyaut\u00e9,<br>transparence) ;<br><strong>b<\/strong>. collect\u00e9es pour des finalit\u00e9s d\u00e9termin\u00e9es, explicites et l\u00e9gitimes, et ne pas \u00eatre trait\u00e9es ult\u00e9rieurement d&rsquo;une mani\u00e8re incompatible avec ces finalit\u00e9s; le traitement ult\u00e9rieur \u00e0 des fins archivistiques dans l&rsquo;int\u00e9r\u00eat public, \u00e0 des fins de recherche scientifique ou historique ou \u00e0 des fins statistiques n&rsquo;est pas consid\u00e9r\u00e9, conform\u00e9ment \u00e0 l&rsquo;article 89, paragraphe l, comme incompatible avec les finalit\u00e9s initiales (limitation des finalit\u00e9s) ;<br><strong>c<\/strong>. ad\u00e9quates, pertinentes et limit\u00e9es \u00e0 ce qui est n\u00e9cessaire au regard des finalit\u00e9s pour lesquelles elles sont trait\u00e9es (minimisation des donn\u00e9es) ;<br><strong>d<\/strong>. exactes et, si n\u00e9cessaire, tenues \u00e0 jour; toutes les mesures raisonnables doivent \u00eatre prises pour que les donn\u00e9es \u00e0 caract\u00e8re personnel qui sont inexactes, eu \u00e9gard aux finalit\u00e9s pour lesquelles elles sont trait\u00e9es, soient effac\u00e9es ou rectifi\u00e9es sans tarder (exactitude) ;<br><strong>e<\/strong>. conserv\u00e9es sous une forme permettant l&rsquo;identification des personnes concern\u00e9es pendant une dur\u00e9e n&rsquo;exc\u00e9dant pas celle n\u00e9cessaire au regard des finalit\u00e9s pour lesquelles elles sont trait\u00e9es ; les donn\u00e9es \u00e0 caract\u00e8re personnel peuvent \u00eatre conserv\u00e9es pour des dur\u00e9es plus longues dans la mesure o\u00f9 elles seront trait\u00e9es exclusivement \u00e0 des fins archivistiques dans l&rsquo;int\u00e9r\u00eat public, \u00e0 des fins de recherche scientifique ou historique ou \u00e0 des fins statistiques conform\u00e9ment \u00e0 l&rsquo;article 89, paragraphe l, pour autant que soient mises en \u0153uvre les mesures techniques et organisationnelles appropri\u00e9es requises par le r\u00e8glement afin de garantir les droits et libert\u00e9s de la personne concern\u00e9e (limitation de la conservation) ;<br><strong>f<\/strong>. trait\u00e9es de fa\u00e7on \u00e0 garantir une s\u00e9curit\u00e9 appropri\u00e9e des donn\u00e9es \u00e0 caract\u00e8re personnel, y compris la protection contre le traitement non autoris\u00e9 ou illicite et contre la perte, la destruction ou les d\u00e9g\u00e2ts d&rsquo;origine accidentelle, \u00e0 l&rsquo;aide de mesures techniques ou organisationnelles appropri\u00e9es (int\u00e9grit\u00e9 et confidentialit\u00e9). <\/p>\n\n\n\n<p>Le traitement n&rsquo;est licite que si, et dans la mesure o\u00f9, au moins une des conditions suivantes est remplie :<\/p>\n\n\n\n<p><strong>a<\/strong>. la personne concern\u00e9e a consenti au traitement de ses donn\u00e9es \u00e0 caract\u00e8re personnel pour une ou plusieurs finalit\u00e9s sp\u00e9cifiques ;<br><strong>b<\/strong>. le traitement est n\u00e9cessaire \u00e0 l&rsquo;ex\u00e9cution d&rsquo;un contrat auquel la personne concern\u00e9e est partie ou \u00e0 l&rsquo;ex\u00e9cution de mesures pr\u00e9-contractuelles prises \u00e0 la demande de celle-ci ;<br><strong>c<\/strong>. le traitement est n\u00e9cessaire au respect d&rsquo;une obligation l\u00e9gale \u00e0 laquelle le responsable du traitement est soumis ;<br><strong>d<\/strong>. le traitement est n\u00e9cessaire \u00e0 la sauvegarde des int\u00e9r\u00eats vitaux de la personne concern\u00e9e ou d&rsquo;une autre personne physique ;<br><strong>e<\/strong>. le traitement est n\u00e9cessaire \u00e0 l&rsquo;ex\u00e9cution d&rsquo;une mission d&rsquo;int\u00e9r\u00eat public ou relevant de l&rsquo;exercice de l&rsquo;autorit\u00e9<br>publique dont est investi le responsable du traitement ;<br><strong>f<\/strong>. le traitement est n\u00e9cessaire aux fins des int\u00e9r\u00eats l\u00e9gitimes poursuivis par le responsable du traitement ou par un tiers, \u00e0 moins que ne pr\u00e9valent les int\u00e9r\u00eats ou les libert\u00e9s et droits fondamentaux de la personne concern\u00e9e qui exigent une protection des donn\u00e9es \u00e0 caract\u00e8re personnel, notamment lorsque la personne concern\u00e9e est un enfant.<\/p>\n\n\n\n<p>Pour les r\u00e9sidents de l&rsquo;Etat de Californie, cette politique de confidentialit\u00e9 vise \u00e0 se conformer \u00e0 la California Consumer Privacy Act (CCPA). S&rsquo;il y a des incoh\u00e9rences entre ce document et la CCPA, la l\u00e9gislation de l&rsquo;Etat s&rsquo;appliquera. Si nous constatons des incoh\u00e9rences, nous modifierons notre politique pour nous conformer \u00e0 la loi pertinente.<\/p>\n\n\n\n<h2 class=\"wp-block-heading\">Consentement<\/h2>\n\n\n\n<p>Les utilisateurs conviennent qu&rsquo;en utilisant notre site, ils consentent \u00e0 :<\/p>\n\n\n\n<p><strong>a<\/strong>. les conditions \u00e9nonc\u00e9es dans la pr\u00e9sente politique de confidentialit\u00e9 et<br><strong>b<\/strong>. la collecte, l&rsquo;utilisation et la conservation des donn\u00e9es \u00e9num\u00e9r\u00e9es dans la pr\u00e9sente politique.<\/p>\n\n\n\n<h2 class=\"wp-block-heading\">Donn\u00e9es personnelles que nous collectons<\/h2>\n\n\n\n<p><strong>Donn\u00e9es collect\u00e9es automatiquement<\/strong> :<\/p>\n\n\n\n<p>Nous ne collectons aucune donn\u00e9e automatiquement sur notre site.<\/p>\n\n\n\n<p><strong>Donn\u00e9es recueillies de fa\u00e7on non automatique<\/strong> :<\/p>\n\n\n\n<p>Nous pouvons \u00e9galement collecter les donn\u00e9es suivantes lorsque vous effectuez certaines fonctions sur notre site :<\/p>\n\n\n\n<p><strong>a<\/strong>. Pr\u00e9nom et nom<br><strong>b<\/strong>. Email<br><strong>c.<\/strong> Num\u00e9ro de t\u00e9l\u00e9phone<\/p>\n\n\n\n<p>Ces donn\u00e9es peuvent \u00eatre recueillies au moyen des m\u00e9thodes suivantes :<\/p>\n\n\n\n<p>Remplissage d&rsquo;un formulaire afin de nous contacter.<\/p>\n\n\n\n<p>Veuillez noter que nous ne collectons que les donn\u00e9es qui nous aident \u00e0 atteindre l&rsquo;objectif \u00e9nonc\u00e9 dans cette politique de confidentialit\u00e9. Nous ne recueillerons pas de donn\u00e9es suppl\u00e9mentaires sans vous en informer au pr\u00e9alable.<\/p>\n\n\n\n<h2 class=\"wp-block-heading\">Comment nous utilisons les donn\u00e9es personnelles<\/h2>\n\n\n\n<p>Les donn\u00e9es personnelles recueillies sur notre site seront utilis\u00e9es uniquement aux fins pr\u00e9cis\u00e9es dans la pr\u00e9sente politique ou indiqu\u00e9es sur les pages pertinentes de notre site. Nous n&rsquo;utiliserons pas vos donn\u00e9es au-del\u00e0 de ce que nous divulguerons.<\/p>\n\n\n\n<p>Les donn\u00e9es que nous recueillons lorsque l&rsquo;utilisateur ex\u00e9cute certaines fonctions peuvent \u00eatre utilis\u00e9es aux fins suivantes :<\/p>\n\n\n\n<p><strong>a<\/strong>. Communication avec le client<\/p>\n\n\n\n<h2 class=\"wp-block-heading\">Avec qui nous partageons les donn\u00e9es personnelles<\/h2>\n\n\n\n<p><strong>Employ\u00e9s<\/strong><\/p>\n\n\n\n<p>Nous pouvons divulguer \u00e0 tout membre de notre organisation les donn\u00e9es utilisateur dont il a raisonnablement besoin pour r\u00e9aliser les objectifs \u00e9nonc\u00e9s dans la pr\u00e9sente politique.<\/p>\n\n\n\n<h2 class=\"wp-block-heading\">Tierces parties<\/h2>\n\n\n\n<p>Nous pouvons partager les donn\u00e9es utilisateur avec les tiers suivants :<\/p>\n\n\n\n<p>Nous pouvons partager les donn\u00e9es utilisateur avec des tiers aux fins suivantes :<\/p>\n\n\n\n<p>Les tiers ne seront pas en mesure d&rsquo; acc\u00e9der aux donn\u00e9es des utilisateurs au-del\u00e0 de ce qui est raisonnablement n\u00e9cessaire pour atteindre l&rsquo;objectif donn\u00e9.<\/p>\n\n\n\n<h2 class=\"wp-block-heading\">Autres divulgations<\/h2>\n\n\n\n<p>Nous nous engageons \u00e0 ne pas vendre ou partager vos donn\u00e9es avec des tiers, sauf dans les cas suivants :<\/p>\n\n\n\n<p><strong>a<\/strong>. si la loi l&rsquo;exige<br><strong>b<\/strong>. si elle est requise pour toute proc\u00e9dure judiciaire<br><strong>d<\/strong>. pour prouver ou prot\u00e9ger nos droits l\u00e9gaux<br><strong>d<\/strong>. \u00e0 des acheteurs ou des acheteurs potentiels de cette soci\u00e9t\u00e9 dans le cas o\u00f9 nous cherchons \u00e0 la vendre la soci\u00e9t\u00e9<\/p>\n\n\n\n<p>Si vous suivez des hyperliens de notre site vers un autre site, veuillez noter que nous ne sommes pas responsables et n&rsquo;avons pas de contr\u00f4le sur leurs politiques et pratiques de confidentialit\u00e9.<\/p>\n\n\n\n<h2 class=\"wp-block-heading\">Combien de temps nous stockons les donn\u00e9es personnelles<\/h2>\n\n\n\n<p>Nous ne conservons pas les donn\u00e9es des utilisateurs au-del\u00e0 de ce qui est n\u00e9cessaire pour atteindre les fins pour lesquelles elles sont recueillies.<\/p>\n\n\n\n<h2 class=\"wp-block-heading\">Comment nous prot\u00e9geons vos donn\u00e9es personnelles<\/h2>\n\n\n\n<p>Toutes les donn\u00e9es stock\u00e9es dans le syst\u00e8me sont bien s\u00e9curis\u00e9es et je suis la seule \u00e0 y avoir acc\u00e8s.<\/p>\n\n\n\n<p>Alors que nous prenons toutes les pr\u00e9cautions raisonnables pour nous assurer que nos donn\u00e9es d&rsquo;utilisateur sont s\u00e9curis\u00e9es et que les utilisateurs sont prot\u00e9g\u00e9s, il reste toujours du risque de pr\u00e9judice. L&rsquo;Internet en sa totalit\u00e9 peut \u00eatre, parfois, peu s\u00fbr et donc nous sommes incapables de garantir la s\u00e9curit\u00e9 des donn\u00e9es des utilisateurs au-del\u00e0 de ce qui est raisonnablement pratique.<\/p>\n\n\n\n<h2 class=\"wp-block-heading\">Mineurs<\/h2>\n\n\n\n<p>Le RGPD pr\u00e9cise que les personnes de moins de 15 ans sont consid\u00e9r\u00e9es comme des mineurs aux fins de la collecte de donn\u00e9es. Les mineurs doivent avoir le consentement d&rsquo;un repr\u00e9sentant l\u00e9gal pour que leurs donn\u00e9es soient recueillies, trait\u00e9es et utilis\u00e9es.<\/p>\n\n\n\n<h2 class=\"wp-block-heading\">Vos droits en tant qu&rsquo;utilisateur<\/h2>\n\n\n\n<p>En vertu du RGPD, les utilisateurs ont les droits suivants en tant que personnes concern\u00e9es.<\/p>\n\n\n\n<p><strong>a<\/strong>. droit d&rsquo;acc\u00e8s<br><strong>b<\/strong>. droit de rectification<br><strong>c<\/strong>. droit \u00e0 l&rsquo;effacement<br><strong>d<\/strong>. droit de restreindre le traitement<br><strong>e<\/strong>. droit \u00e0 la portabilit\u00e9 des donn\u00e9es<br><strong>f<\/strong>. droit d&rsquo;objection<\/p>\n\n\n\n<p>Vous trouverez de plus amples informations sur ces droits au chapitre 3 (art 12-23) du RGPD.<\/p>\n\n\n\n<h2 class=\"wp-block-heading\">Comment ou contester les donn\u00e9es recueillies<\/h2>\n\n\n\n<p>Si vous souhaitez que vos renseignements soient supprim\u00e9s ou modifi\u00e9s d&rsquo;une fa\u00e7on ou d&rsquo;une autre, veuillez communiquer avec notre agent de protection de la vie priv\u00e9e ici :<\/p>\n\n\n\n<p>Charlotte Perrigaud<br>15 rue Fr\u00e9d\u00e9ric Sauton, 75005, Paris<br>charlotte.perrigaud@gmail.com<br>07 67 34 89 06<\/p>\n\n\n\n<h2 class=\"wp-block-heading\">Modifications<\/h2>\n\n\n\n<p>Cette politique de confidentialit\u00e9 peut \u00eatre modifi\u00e9e \u00e0 l&rsquo;occasion afin de maintenir la conformit\u00e9 avec la loi et de tenir compte de tout changement \u00e0 notre processus de collecte de donn\u00e9es. Nous recommandons \u00e0 nos utilisateurs de v\u00e9rifier notre politique de temps \u00e0 autre pour s&rsquo;assurer qu&rsquo;ils soient inform\u00e9s de toute mise \u00e0 jour. Au besoin, nous pouvons informer les utilisateurs par courriel des changements apport\u00e9s \u00e0 cette politique.<\/p>\n\n\n\n<h2 class=\"wp-block-heading\">Contact<\/h2>\n\n\n\n<p>Si vous avez des questions \u00e0 nous poser, n&rsquo;h\u00e9sitez pas \u00e0 communiquer avec nous en utilisant ce qui suit :<\/p>\n\n\n\n<p>07 67 34 89 06<br>charlotte.perrigaud@gmail.com<br>15 rue Fr\u00e9d\u00e9ric Sauton, 75005, Paris<\/p>\n\n\n\n<p><em>Date d&rsquo;entr\u00e9e en vigueur : le 26 novembre 2023<\/em><br>C 2002-2023, DocumentsL\u00e9gauxTM (Sequiter Inc.)<\/p>\n","protected":false},"excerpt":{"rendered":"<p>https:\/\/mimesis.parisCharlotte Perrigaud Type de site : e-commerce Le but de cette politique de confidentialit\u00e9 Le but de cette politique de confidentialit\u00e9 est d&rsquo;informer les utilisateurs de notre site des donn\u00e9es personnelles que nous recueillerons. Ainsi que les informations suivantes, le cas \u00e9ch\u00e9ant : a. Les donn\u00e9es personnelles que nous recueilleronsb. L&rsquo;utilisation des donn\u00e9es recueilliesc. Qui &hellip; <\/p>\n","protected":false},"author":1,"featured_media":0,"parent":0,"menu_order":0,"comment_status":"closed","ping_status":"closed","template":"","meta":{"_themeisle_gutenberg_block_has_review":false,"footnotes":""},"class_list":["post-432","page","type-page","status-publish","hentry"],"yoast_head":"<!-- This site is optimized with the Yoast SEO plugin v27.1.1 - https:\/\/yoast.com\/product\/yoast-seo-wordpress\/ -->\n<title>Politique de confidentialit\u00e9 - MIMESIS COSTUMES<\/title>\n<meta name=\"robots\" content=\"index, follow, max-snippet:-1, max-image-preview:large, max-video-preview:-1\" \/>\n<link rel=\"canonical\" href=\"https:\/\/mimesis.paris\/index.php\/432-2\/\" \/>\n<meta property=\"og:locale\" content=\"fr_FR\" \/>\n<meta property=\"og:type\" content=\"article\" \/>\n<meta property=\"og:title\" content=\"Politique de confidentialit\u00e9 - MIMESIS COSTUMES\" \/>\n<meta property=\"og:description\" content=\"https:\/\/mimesis.parisCharlotte Perrigaud Type de site : e-commerce Le but de cette politique de confidentialit\u00e9 Le but de cette politique de confidentialit\u00e9 est d&rsquo;informer les utilisateurs de notre site des donn\u00e9es personnelles que nous recueillerons. Ainsi que les informations suivantes, le cas \u00e9ch\u00e9ant : a. Les donn\u00e9es personnelles que nous recueilleronsb. L&rsquo;utilisation des donn\u00e9es recueilliesc. Qui &hellip;\" \/>\n<meta property=\"og:url\" content=\"https:\/\/mimesis.paris\/index.php\/432-2\/\" \/>\n<meta property=\"og:site_name\" content=\"MIMESIS COSTUMES\" \/>\n<meta property=\"article:modified_time\" content=\"2024-01-04T18:06:51+00:00\" \/>\n<meta name=\"twitter:card\" content=\"summary_large_image\" \/>\n<meta name=\"twitter:label1\" content=\"Dur\u00e9e de lecture estim\u00e9e\" \/>\n\t<meta name=\"twitter:data1\" content=\"8 minutes\" \/>\n<script type=\"application\/ld+json\" class=\"yoast-schema-graph\">{\"@context\":\"https:\/\/schema.org\",\"@graph\":[{\"@type\":\"WebPage\",\"@id\":\"https:\/\/mimesis.paris\/index.php\/432-2\/\",\"url\":\"https:\/\/mimesis.paris\/index.php\/432-2\/\",\"name\":\"Politique de confidentialit\u00e9 - MIMESIS COSTUMES\",\"isPartOf\":{\"@id\":\"https:\/\/mimesis.paris\/#website\"},\"datePublished\":\"2024-01-02T15:28:59+00:00\",\"dateModified\":\"2024-01-04T18:06:51+00:00\",\"inLanguage\":\"fr-FR\",\"potentialAction\":[{\"@type\":\"ReadAction\",\"target\":[\"https:\/\/mimesis.paris\/index.php\/432-2\/\"]}]},{\"@type\":\"WebSite\",\"@id\":\"https:\/\/mimesis.paris\/#website\",\"url\":\"https:\/\/mimesis.paris\/\",\"name\":\"MIMESIS COSTUMES\",\"description\":\"Paris\",\"publisher\":{\"@id\":\"https:\/\/mimesis.paris\/#\/schema\/person\/338a7eb9286ed12d69730a2c561a346e\"},\"potentialAction\":[{\"@type\":\"SearchAction\",\"target\":{\"@type\":\"EntryPoint\",\"urlTemplate\":\"https:\/\/mimesis.paris\/?s={search_term_string}\"},\"query-input\":{\"@type\":\"PropertyValueSpecification\",\"valueRequired\":true,\"valueName\":\"search_term_string\"}}],\"inLanguage\":\"fr-FR\"},{\"@type\":[\"Person\",\"Organization\"],\"@id\":\"https:\/\/mimesis.paris\/#\/schema\/person\/338a7eb9286ed12d69730a2c561a346e\",\"name\":\"admin7558\",\"image\":{\"@type\":\"ImageObject\",\"inLanguage\":\"fr-FR\",\"@id\":\"https:\/\/mimesis.paris\/#\/schema\/person\/image\/\",\"url\":\"https:\/\/mimesis.paris\/wp-content\/uploads\/2023\/12\/cropped-Mimesis-Costumes-Logo-1-e1701484539251.png\",\"contentUrl\":\"https:\/\/mimesis.paris\/wp-content\/uploads\/2023\/12\/cropped-Mimesis-Costumes-Logo-1-e1701484539251.png\",\"width\":200,\"height\":101,\"caption\":\"admin7558\"},\"logo\":{\"@id\":\"https:\/\/mimesis.paris\/#\/schema\/person\/image\/\"},\"sameAs\":[\"http:\/\/mimesis.paris\"]}]}<\/script>\n<!-- \/ Yoast SEO plugin. -->","yoast_head_json":{"title":"Politique de confidentialit\u00e9 - MIMESIS COSTUMES","robots":{"index":"index","follow":"follow","max-snippet":"max-snippet:-1","max-image-preview":"max-image-preview:large","max-video-preview":"max-video-preview:-1"},"canonical":"https:\/\/mimesis.paris\/index.php\/432-2\/","og_locale":"fr_FR","og_type":"article","og_title":"Politique de confidentialit\u00e9 - MIMESIS COSTUMES","og_description":"https:\/\/mimesis.parisCharlotte Perrigaud Type de site : e-commerce Le but de cette politique de confidentialit\u00e9 Le but de cette politique de confidentialit\u00e9 est d&rsquo;informer les utilisateurs de notre site des donn\u00e9es personnelles que nous recueillerons. Ainsi que les informations suivantes, le cas \u00e9ch\u00e9ant : a. Les donn\u00e9es personnelles que nous recueilleronsb. L&rsquo;utilisation des donn\u00e9es recueilliesc. Qui &hellip;","og_url":"https:\/\/mimesis.paris\/index.php\/432-2\/","og_site_name":"MIMESIS COSTUMES","article_modified_time":"2024-01-04T18:06:51+00:00","twitter_card":"summary_large_image","twitter_misc":{"Dur\u00e9e de lecture estim\u00e9e":"8 minutes"},"schema":{"@context":"https:\/\/schema.org","@graph":[{"@type":"WebPage","@id":"https:\/\/mimesis.paris\/index.php\/432-2\/","url":"https:\/\/mimesis.paris\/index.php\/432-2\/","name":"Politique de confidentialit\u00e9 - MIMESIS COSTUMES","isPartOf":{"@id":"https:\/\/mimesis.paris\/#website"},"datePublished":"2024-01-02T15:28:59+00:00","dateModified":"2024-01-04T18:06:51+00:00","inLanguage":"fr-FR","potentialAction":[{"@type":"ReadAction","target":["https:\/\/mimesis.paris\/index.php\/432-2\/"]}]},{"@type":"WebSite","@id":"https:\/\/mimesis.paris\/#website","url":"https:\/\/mimesis.paris\/","name":"MIMESIS COSTUMES","description":"Paris","publisher":{"@id":"https:\/\/mimesis.paris\/#\/schema\/person\/338a7eb9286ed12d69730a2c561a346e"},"potentialAction":[{"@type":"SearchAction","target":{"@type":"EntryPoint","urlTemplate":"https:\/\/mimesis.paris\/?s={search_term_string}"},"query-input":{"@type":"PropertyValueSpecification","valueRequired":true,"valueName":"search_term_string"}}],"inLanguage":"fr-FR"},{"@type":["Person","Organization"],"@id":"https:\/\/mimesis.paris\/#\/schema\/person\/338a7eb9286ed12d69730a2c561a346e","name":"admin7558","image":{"@type":"ImageObject","inLanguage":"fr-FR","@id":"https:\/\/mimesis.paris\/#\/schema\/person\/image\/","url":"https:\/\/mimesis.paris\/wp-content\/uploads\/2023\/12\/cropped-Mimesis-Costumes-Logo-1-e1701484539251.png","contentUrl":"https:\/\/mimesis.paris\/wp-content\/uploads\/2023\/12\/cropped-Mimesis-Costumes-Logo-1-e1701484539251.png","width":200,"height":101,"caption":"admin7558"},"logo":{"@id":"https:\/\/mimesis.paris\/#\/schema\/person\/image\/"},"sameAs":["http:\/\/mimesis.paris"]}]}},"_links":{"self":[{"href":"https:\/\/mimesis.paris\/index.php\/wp-json\/wp\/v2\/pages\/432","targetHints":{"allow":["GET"]}}],"collection":[{"href":"https:\/\/mimesis.paris\/index.php\/wp-json\/wp\/v2\/pages"}],"about":[{"href":"https:\/\/mimesis.paris\/index.php\/wp-json\/wp\/v2\/types\/page"}],"author":[{"embeddable":true,"href":"https:\/\/mimesis.paris\/index.php\/wp-json\/wp\/v2\/users\/1"}],"replies":[{"embeddable":true,"href":"https:\/\/mimesis.paris\/index.php\/wp-json\/wp\/v2\/comments?post=432"}],"version-history":[{"count":5,"href":"https:\/\/mimesis.paris\/index.php\/wp-json\/wp\/v2\/pages\/432\/revisions"}],"predecessor-version":[{"id":688,"href":"https:\/\/mimesis.paris\/index.php\/wp-json\/wp\/v2\/pages\/432\/revisions\/688"}],"wp:attachment":[{"href":"https:\/\/mimesis.paris\/index.php\/wp-json\/wp\/v2\/media?parent=432"}],"curies":[{"name":"wp","href":"https:\/\/api.w.org\/{rel}","templated":true}]}}