{"id":30,"date":"2023-12-02T03:42:40","date_gmt":"2023-12-02T02:42:40","guid":{"rendered":"http:\/\/mimesis.paris\/?page_id=30"},"modified":"2025-04-15T15:03:55","modified_gmt":"2025-04-15T13:03:55","slug":"contact","status":"publish","type":"page","link":"https:\/\/mimesis.paris\/index.php\/contact\/","title":{"rendered":"Contact"},"content":{"rendered":"\t\t<div data-elementor-type=\"wp-page\" data-elementor-id=\"30\" class=\"elementor elementor-30\">\n\t\t\t\t<div class=\"elementor-element elementor-element-2da5cac6 e-flex e-con-boxed wpr-particle-no wpr-jarallax-no wpr-parallax-no wpr-sticky-section-no e-con e-parent\" data-id=\"2da5cac6\" data-element_type=\"container\" data-e-type=\"container\">\n\t\t\t\t\t<div class=\"e-con-inner\">\n\t\t\t\t<div class=\"elementor-element elementor-element-608e45f4 elementor-widget elementor-widget-text-editor\" data-id=\"608e45f4\" data-element_type=\"widget\" data-e-type=\"widget\" data-widget_type=\"text-editor.default\">\n\t\t\t\t<div class=\"elementor-widget-container\">\n\t\t\t\t\t\t\t\t\t\n<p class=\"has-text-align-center\">Pr\u00eat \u00e0 faire r\u00e9aliser votre tenue sur mesure ou avez-vous des questions ? Contactez-moi d\u00e8s maintenant pour discuter de votre projet. Mon atelier est ouvert pour des consultations personnalis\u00e9es, o\u00f9 nous pourrons discuter de vos id\u00e9es et concr\u00e9tiser ensemble le v\u00eatement de vos r\u00eaves.<\/p>\n\n\n\n<div style=\"height:100px\" aria-hidden=\"true\" class=\"wp-block-spacer\"><\/div>\n\n\n\n<p>Tel&nbsp;: 07.67.34.89.06<\/p>\n\n\n\n<p>Email : charlotte.perrigaud@gmail.com<\/p>\n\n\n\n<div style=\"height:100px\" aria-hidden=\"true\" class=\"wp-block-spacer\"><\/div>\n\n\n\n<div class=\"wp-block-contact-form-7-contact-form-selector\">\n<div class=\"wpcf7 no-js\" id=\"wpcf7-f258-o1\" lang=\"fr-FR\" dir=\"ltr\" data-wpcf7-id=\"258\">\n<div class=\"screen-reader-response\"><p role=\"status\" aria-live=\"polite\" aria-atomic=\"true\"><\/p> <ul><\/ul><\/div>\n<form action=\"\/index.php\/wp-json\/wp\/v2\/pages\/30#wpcf7-f258-o1\" method=\"post\" class=\"wpcf7-form init\" aria-label=\"Formulaire de contact\" enctype=\"multipart\/form-data\" novalidate=\"novalidate\" data-status=\"init\">\n<fieldset class=\"hidden-fields-container\"><input type=\"hidden\" name=\"_wpcf7\" value=\"258\" \/><input type=\"hidden\" name=\"_wpcf7_version\" value=\"6.1.5\" \/><input type=\"hidden\" name=\"_wpcf7_locale\" value=\"fr_FR\" \/><input type=\"hidden\" name=\"_wpcf7_unit_tag\" value=\"wpcf7-f258-o1\" \/><input type=\"hidden\" name=\"_wpcf7_container_post\" value=\"0\" \/><input type=\"hidden\" name=\"_wpcf7_posted_data_hash\" value=\"\" \/>\n<\/fieldset>\n<p><label> Votre nom<br \/>\n<span class=\"wpcf7-form-control-wrap\" data-name=\"your-name\"><input size=\"40\" maxlength=\"400\" class=\"wpcf7-form-control wpcf7-text wpcf7-validates-as-required\" autocomplete=\"name\" aria-required=\"true\" aria-invalid=\"false\" value=\"\" type=\"text\" name=\"your-name\" \/><\/span> <\/label>\n<\/p>\n<p><label> Votre e-mail<br \/>\n<span class=\"wpcf7-form-control-wrap\" data-name=\"your-email\"><input size=\"40\" maxlength=\"400\" class=\"wpcf7-form-control wpcf7-email wpcf7-validates-as-required wpcf7-text wpcf7-validates-as-email\" autocomplete=\"email\" aria-required=\"true\" aria-invalid=\"false\" value=\"\" type=\"email\" name=\"your-email\" \/><\/span> <\/label>\n<\/p>\n<p><label> Objet<br \/>\n<span class=\"wpcf7-form-control-wrap\" data-name=\"your-subject\"><input size=\"40\" maxlength=\"400\" class=\"wpcf7-form-control wpcf7-text wpcf7-validates-as-required\" aria-required=\"true\" aria-invalid=\"false\" value=\"\" type=\"text\" name=\"your-subject\" \/><\/span> <\/label>\n<\/p>\n<p><label> Votre message<br \/>\n<span class=\"wpcf7-form-control-wrap\" data-name=\"your-message\"><textarea cols=\"40\" rows=\"10\" maxlength=\"2000\" class=\"wpcf7-form-control wpcf7-textarea\" aria-invalid=\"false\" name=\"your-message\"><\/textarea><\/span> <\/label><span class=\"wpcf7-form-control-wrap\" data-name=\"file-346\"><input size=\"40\" class=\"wpcf7-form-control wpcf7-file\" accept=\"audio\/*,video\/*,image\/*\" aria-invalid=\"false\" type=\"file\" name=\"file-346\" \/><\/span>\n<\/p>\n<p><input class=\"wpcf7-form-control wpcf7-submit has-spinner\" type=\"submit\" value=\"Envoyer\" \/><span class=\"wpcf7-form-control-wrap\" data-name=\"acceptance-426\"><span class=\"wpcf7-form-control wpcf7-acceptance optional\"><span class=\"wpcf7-list-item\"><label><input type=\"checkbox\" name=\"acceptance-426\" value=\"1\" aria-invalid=\"false\" \/><span class=\"wpcf7-list-item-label\">J&rsquo;accepte que mes donn\u00e9es personnelles soient trait\u00e9es<\/span><\/label><\/span><\/span><\/span>\n<\/p><div class=\"wpcf7-response-output\" aria-hidden=\"true\"><\/div>\n<\/form>\n<\/div>\n<\/div>\n\t\t\t\t\t\t\t\t<\/div>\n\t\t\t\t<\/div>\n\t\t\t\t\t<\/div>\n\t\t\t\t<\/div>\n\t\t\t\t<\/div>\n\t\t","protected":false},"excerpt":{"rendered":"<p>Pr\u00eat \u00e0 faire r\u00e9aliser votre tenue sur mesure ou avez-vous des questions ? Contactez-moi d\u00e8s maintenant pour discuter de votre projet. Mon atelier est ouvert pour des consultations personnalis\u00e9es, o\u00f9 nous pourrons discuter de vos id\u00e9es et concr\u00e9tiser ensemble le v\u00eatement de vos r\u00eaves. Tel&nbsp;: 07.67.34.89.06 Email : charlotte.perrigaud@gmail.com<\/p>\n","protected":false},"author":1,"featured_media":0,"parent":0,"menu_order":0,"comment_status":"closed","ping_status":"closed","template":"","meta":{"_themeisle_gutenberg_block_has_review":false,"footnotes":""},"class_list":["post-30","page","type-page","status-publish","hentry"],"yoast_head":"<!-- This site is optimized with the Yoast SEO plugin v27.1.1 - https:\/\/yoast.com\/product\/yoast-seo-wordpress\/ -->\n<title>MIMESIS COSTUMES - Contact<\/title>\n<meta name=\"description\" content=\"Vous avez besoin de costumes ou d\u2019une information ? Formulaire de contact ou 07 67 34 89 06.\" \/>\n<meta name=\"robots\" content=\"index, follow, max-snippet:-1, max-image-preview:large, max-video-preview:-1\" \/>\n<link rel=\"canonical\" href=\"https:\/\/mimesis.paris\/index.php\/contact\/\" \/>\n<meta property=\"og:locale\" content=\"fr_FR\" \/>\n<meta property=\"og:type\" content=\"article\" \/>\n<meta property=\"og:title\" content=\"MIMESIS COSTUMES - Contact\" \/>\n<meta property=\"og:description\" content=\"Vous avez besoin de costumes ou d\u2019une information ? Formulaire de contact ou 07 67 34 89 06.\" \/>\n<meta property=\"og:url\" content=\"https:\/\/mimesis.paris\/index.php\/contact\/\" \/>\n<meta property=\"og:site_name\" content=\"MIMESIS COSTUMES\" \/>\n<meta property=\"article:modified_time\" content=\"2025-04-15T13:03:55+00:00\" \/>\n<meta name=\"twitter:card\" content=\"summary_large_image\" \/>\n<meta name=\"twitter:label1\" content=\"Dur\u00e9e de lecture estim\u00e9e\" \/>\n\t<meta name=\"twitter:data1\" content=\"1 minute\" \/>\n<script type=\"application\/ld+json\" class=\"yoast-schema-graph\">{\"@context\":\"https:\/\/schema.org\",\"@graph\":[{\"@type\":\"WebPage\",\"@id\":\"https:\/\/mimesis.paris\/index.php\/contact\/\",\"url\":\"https:\/\/mimesis.paris\/index.php\/contact\/\",\"name\":\"MIMESIS COSTUMES - Contact\",\"isPartOf\":{\"@id\":\"https:\/\/mimesis.paris\/#website\"},\"datePublished\":\"2023-12-02T02:42:40+00:00\",\"dateModified\":\"2025-04-15T13:03:55+00:00\",\"description\":\"Vous avez besoin de costumes ou d\u2019une information ? Formulaire de contact ou 07 67 34 89 06.\",\"inLanguage\":\"fr-FR\",\"potentialAction\":[{\"@type\":\"ReadAction\",\"target\":[\"https:\/\/mimesis.paris\/index.php\/contact\/\"]}]},{\"@type\":\"WebSite\",\"@id\":\"https:\/\/mimesis.paris\/#website\",\"url\":\"https:\/\/mimesis.paris\/\",\"name\":\"MIMESIS COSTUMES\",\"description\":\"Paris\",\"publisher\":{\"@id\":\"https:\/\/mimesis.paris\/#\/schema\/person\/338a7eb9286ed12d69730a2c561a346e\"},\"potentialAction\":[{\"@type\":\"SearchAction\",\"target\":{\"@type\":\"EntryPoint\",\"urlTemplate\":\"https:\/\/mimesis.paris\/?s={search_term_string}\"},\"query-input\":{\"@type\":\"PropertyValueSpecification\",\"valueRequired\":true,\"valueName\":\"search_term_string\"}}],\"inLanguage\":\"fr-FR\"},{\"@type\":[\"Person\",\"Organization\"],\"@id\":\"https:\/\/mimesis.paris\/#\/schema\/person\/338a7eb9286ed12d69730a2c561a346e\",\"name\":\"admin7558\",\"image\":{\"@type\":\"ImageObject\",\"inLanguage\":\"fr-FR\",\"@id\":\"https:\/\/mimesis.paris\/#\/schema\/person\/image\/\",\"url\":\"https:\/\/mimesis.paris\/wp-content\/uploads\/2023\/12\/cropped-Mimesis-Costumes-Logo-1-e1701484539251.png\",\"contentUrl\":\"https:\/\/mimesis.paris\/wp-content\/uploads\/2023\/12\/cropped-Mimesis-Costumes-Logo-1-e1701484539251.png\",\"width\":200,\"height\":101,\"caption\":\"admin7558\"},\"logo\":{\"@id\":\"https:\/\/mimesis.paris\/#\/schema\/person\/image\/\"},\"sameAs\":[\"http:\/\/mimesis.paris\"]}]}<\/script>\n<!-- \/ Yoast SEO plugin. -->","yoast_head_json":{"title":"MIMESIS COSTUMES - Contact","description":"Vous avez besoin de costumes ou d\u2019une information ? Formulaire de contact ou 07 67 34 89 06.","robots":{"index":"index","follow":"follow","max-snippet":"max-snippet:-1","max-image-preview":"max-image-preview:large","max-video-preview":"max-video-preview:-1"},"canonical":"https:\/\/mimesis.paris\/index.php\/contact\/","og_locale":"fr_FR","og_type":"article","og_title":"MIMESIS COSTUMES - Contact","og_description":"Vous avez besoin de costumes ou d\u2019une information ? Formulaire de contact ou 07 67 34 89 06.","og_url":"https:\/\/mimesis.paris\/index.php\/contact\/","og_site_name":"MIMESIS COSTUMES","article_modified_time":"2025-04-15T13:03:55+00:00","twitter_card":"summary_large_image","twitter_misc":{"Dur\u00e9e de lecture estim\u00e9e":"1 minute"},"schema":{"@context":"https:\/\/schema.org","@graph":[{"@type":"WebPage","@id":"https:\/\/mimesis.paris\/index.php\/contact\/","url":"https:\/\/mimesis.paris\/index.php\/contact\/","name":"MIMESIS COSTUMES - Contact","isPartOf":{"@id":"https:\/\/mimesis.paris\/#website"},"datePublished":"2023-12-02T02:42:40+00:00","dateModified":"2025-04-15T13:03:55+00:00","description":"Vous avez besoin de costumes ou d\u2019une information ? Formulaire de contact ou 07 67 34 89 06.","inLanguage":"fr-FR","potentialAction":[{"@type":"ReadAction","target":["https:\/\/mimesis.paris\/index.php\/contact\/"]}]},{"@type":"WebSite","@id":"https:\/\/mimesis.paris\/#website","url":"https:\/\/mimesis.paris\/","name":"MIMESIS COSTUMES","description":"Paris","publisher":{"@id":"https:\/\/mimesis.paris\/#\/schema\/person\/338a7eb9286ed12d69730a2c561a346e"},"potentialAction":[{"@type":"SearchAction","target":{"@type":"EntryPoint","urlTemplate":"https:\/\/mimesis.paris\/?s={search_term_string}"},"query-input":{"@type":"PropertyValueSpecification","valueRequired":true,"valueName":"search_term_string"}}],"inLanguage":"fr-FR"},{"@type":["Person","Organization"],"@id":"https:\/\/mimesis.paris\/#\/schema\/person\/338a7eb9286ed12d69730a2c561a346e","name":"admin7558","image":{"@type":"ImageObject","inLanguage":"fr-FR","@id":"https:\/\/mimesis.paris\/#\/schema\/person\/image\/","url":"https:\/\/mimesis.paris\/wp-content\/uploads\/2023\/12\/cropped-Mimesis-Costumes-Logo-1-e1701484539251.png","contentUrl":"https:\/\/mimesis.paris\/wp-content\/uploads\/2023\/12\/cropped-Mimesis-Costumes-Logo-1-e1701484539251.png","width":200,"height":101,"caption":"admin7558"},"logo":{"@id":"https:\/\/mimesis.paris\/#\/schema\/person\/image\/"},"sameAs":["http:\/\/mimesis.paris"]}]}},"_links":{"self":[{"href":"https:\/\/mimesis.paris\/index.php\/wp-json\/wp\/v2\/pages\/30","targetHints":{"allow":["GET"]}}],"collection":[{"href":"https:\/\/mimesis.paris\/index.php\/wp-json\/wp\/v2\/pages"}],"about":[{"href":"https:\/\/mimesis.paris\/index.php\/wp-json\/wp\/v2\/types\/page"}],"author":[{"embeddable":true,"href":"https:\/\/mimesis.paris\/index.php\/wp-json\/wp\/v2\/users\/1"}],"replies":[{"embeddable":true,"href":"https:\/\/mimesis.paris\/index.php\/wp-json\/wp\/v2\/comments?post=30"}],"version-history":[{"count":15,"href":"https:\/\/mimesis.paris\/index.php\/wp-json\/wp\/v2\/pages\/30\/revisions"}],"predecessor-version":[{"id":484,"href":"https:\/\/mimesis.paris\/index.php\/wp-json\/wp\/v2\/pages\/30\/revisions\/484"}],"wp:attachment":[{"href":"https:\/\/mimesis.paris\/index.php\/wp-json\/wp\/v2\/media?parent=30"}],"curies":[{"name":"wp","href":"https:\/\/api.w.org\/{rel}","templated":true}]}}