{"id":173,"date":"2023-12-05T18:17:36","date_gmt":"2023-12-05T17:17:36","guid":{"rendered":"https:\/\/mimesis.paris\/?page_id=173"},"modified":"2024-01-03T17:15:44","modified_gmt":"2024-01-03T16:15:44","slug":"essayage","status":"publish","type":"page","link":"https:\/\/mimesis.paris\/index.php\/essayage\/","title":{"rendered":"Essayage"},"content":{"rendered":"\t\t<div data-elementor-type=\"wp-page\" data-elementor-id=\"173\" class=\"elementor elementor-173\">\n\t\t\t\t<div class=\"elementor-element elementor-element-052260f e-flex e-con-boxed wpr-particle-no wpr-jarallax-no wpr-parallax-no wpr-sticky-section-no e-con e-parent\" data-id=\"052260f\" data-element_type=\"container\" data-e-type=\"container\">\n\t\t\t\t\t<div class=\"e-con-inner\">\n\t\t<div class=\"elementor-element elementor-element-eccf329 e-con-full e-flex wpr-particle-no wpr-jarallax-no wpr-parallax-no wpr-sticky-section-no e-con e-child\" data-id=\"eccf329\" data-element_type=\"container\" data-e-type=\"container\">\n\t\t\t\t<div class=\"elementor-element elementor-element-04e4d31 elementor-widget elementor-widget-image\" data-id=\"04e4d31\" data-element_type=\"widget\" data-e-type=\"widget\" data-widget_type=\"image.default\">\n\t\t\t\t<div class=\"elementor-widget-container\">\n\t\t\t\t\t\t\t\t\t\t\t\t\t\t\t<img fetchpriority=\"high\" decoding=\"async\" width=\"683\" height=\"1024\" src=\"https:\/\/mimesis.paris\/wp-content\/uploads\/2023\/12\/pexels-michael-burrows-7147584-1-683x1024.jpg\" class=\"attachment-large size-large wp-image-176\" alt=\"\" srcset=\"https:\/\/mimesis.paris\/wp-content\/uploads\/2023\/12\/pexels-michael-burrows-7147584-1-683x1024.jpg 683w, https:\/\/mimesis.paris\/wp-content\/uploads\/2023\/12\/pexels-michael-burrows-7147584-1-200x300.jpg 200w, https:\/\/mimesis.paris\/wp-content\/uploads\/2023\/12\/pexels-michael-burrows-7147584-1-768x1152.jpg 768w, https:\/\/mimesis.paris\/wp-content\/uploads\/2023\/12\/pexels-michael-burrows-7147584-1-1024x1536.jpg 1024w, https:\/\/mimesis.paris\/wp-content\/uploads\/2023\/12\/pexels-michael-burrows-7147584-1-1365x2048.jpg 1365w, https:\/\/mimesis.paris\/wp-content\/uploads\/2023\/12\/pexels-michael-burrows-7147584-1-40x60.jpg 40w, https:\/\/mimesis.paris\/wp-content\/uploads\/2023\/12\/pexels-michael-burrows-7147584-1-scaled.jpg 1707w\" sizes=\"(max-width: 683px) 100vw, 683px\" \/>\t\t\t\t\t\t\t\t\t\t\t\t\t\t\t<\/div>\n\t\t\t\t<\/div>\n\t\t\t\t<\/div>\n\t\t<div class=\"elementor-element elementor-element-8ca1f8c e-con-full e-flex wpr-particle-no wpr-jarallax-no wpr-parallax-no wpr-sticky-section-no e-con e-child\" data-id=\"8ca1f8c\" data-element_type=\"container\" data-e-type=\"container\">\n\t\t\t\t<div class=\"elementor-element elementor-element-52f0842 elementor-widget elementor-widget-text-editor\" data-id=\"52f0842\" data-element_type=\"widget\" data-e-type=\"widget\" data-widget_type=\"text-editor.default\">\n\t\t\t\t<div class=\"elementor-widget-container\">\n\t\t\t\t\t\t\t\t\t<p>\u00a0<\/p>\n<p style=\"text-align: center;\">Dans le souci de vous offrir une exp\u00e9rience de couture sur mesure incomparable, je privil\u00e9gie un processus d&rsquo;essayage personnalis\u00e9 et m\u00e9ticuleux. Le parcours commence par un premier rendez-vous \u00e0 votre domicile, o\u00f9 nous entamons la phase cruciale de l&rsquo;essayage de la toile.<\/p>\n<p style=\"text-align: center;\">Lors de cette premi\u00e8re \u00e9tape, nous \u00e9valuons ensemble la coupe, les proportions et les ajustements n\u00e9cessaires pour donner vie \u00e0 votre cr\u00e9ation. C&rsquo;est une phase essentielle pour s&rsquo;assurer que le v\u00eatement correspond parfaitement \u00e0 vos attentes.<\/p>\t\t\t\t\t\t\t\t<\/div>\n\t\t\t\t<\/div>\n\t\t\t\t<\/div>\n\t\t\t\t\t<\/div>\n\t\t\t\t<\/div>\n\t\t<div class=\"elementor-element elementor-element-cd806e5 e-flex e-con-boxed wpr-particle-no wpr-jarallax-no wpr-parallax-no wpr-sticky-section-no e-con e-parent\" data-id=\"cd806e5\" data-element_type=\"container\" data-e-type=\"container\">\n\t\t\t\t\t<div class=\"e-con-inner\">\n\t\t\t\t<div class=\"elementor-element elementor-element-a71cba1 elementor-widget elementor-widget-spacer\" data-id=\"a71cba1\" data-element_type=\"widget\" data-e-type=\"widget\" data-widget_type=\"spacer.default\">\n\t\t\t\t<div class=\"elementor-widget-container\">\n\t\t\t\t\t\t\t<div class=\"elementor-spacer\">\n\t\t\t<div class=\"elementor-spacer-inner\"><\/div>\n\t\t<\/div>\n\t\t\t\t\t\t<\/div>\n\t\t\t\t<\/div>\n\t\t\t\t\t<\/div>\n\t\t\t\t<\/div>\n\t\t<div class=\"elementor-element elementor-element-9a12408 e-flex e-con-boxed wpr-particle-no wpr-jarallax-no wpr-parallax-no wpr-sticky-section-no e-con e-parent\" data-id=\"9a12408\" data-element_type=\"container\" data-e-type=\"container\">\n\t\t\t\t\t<div class=\"e-con-inner\">\n\t\t\t\t<div class=\"elementor-element elementor-element-22c61da elementor-widget elementor-widget-image\" data-id=\"22c61da\" data-element_type=\"widget\" data-e-type=\"widget\" data-widget_type=\"image.default\">\n\t\t\t\t<div class=\"elementor-widget-container\">\n\t\t\t\t\t\t\t\t\t\t\t\t\t\t\t<img decoding=\"async\" width=\"1024\" height=\"97\" src=\"https:\/\/mimesis.paris\/wp-content\/uploads\/2024\/01\/584439dba6515b1e0ad75b6e-1024x97.png\" class=\"attachment-large size-large wp-image-465\" alt=\"\" srcset=\"https:\/\/mimesis.paris\/wp-content\/uploads\/2024\/01\/584439dba6515b1e0ad75b6e-1024x97.png 1024w, https:\/\/mimesis.paris\/wp-content\/uploads\/2024\/01\/584439dba6515b1e0ad75b6e-300x28.png 300w, https:\/\/mimesis.paris\/wp-content\/uploads\/2024\/01\/584439dba6515b1e0ad75b6e-768x73.png 768w, https:\/\/mimesis.paris\/wp-content\/uploads\/2024\/01\/584439dba6515b1e0ad75b6e-1536x145.png 1536w, https:\/\/mimesis.paris\/wp-content\/uploads\/2024\/01\/584439dba6515b1e0ad75b6e-2048x194.png 2048w, https:\/\/mimesis.paris\/wp-content\/uploads\/2024\/01\/584439dba6515b1e0ad75b6e-600x57.png 600w\" sizes=\"(max-width: 1024px) 100vw, 1024px\" \/>\t\t\t\t\t\t\t\t\t\t\t\t\t\t\t<\/div>\n\t\t\t\t<\/div>\n\t\t\t\t\t<\/div>\n\t\t\t\t<\/div>\n\t\t<div class=\"elementor-element elementor-element-21b0cf2 e-flex e-con-boxed wpr-particle-no wpr-jarallax-no wpr-parallax-no wpr-sticky-section-no e-con e-parent\" data-id=\"21b0cf2\" data-element_type=\"container\" data-e-type=\"container\">\n\t\t\t\t\t<div class=\"e-con-inner\">\n\t\t\t\t<div class=\"elementor-element elementor-element-9de08d4 elementor-widget elementor-widget-spacer\" data-id=\"9de08d4\" data-element_type=\"widget\" data-e-type=\"widget\" data-widget_type=\"spacer.default\">\n\t\t\t\t<div class=\"elementor-widget-container\">\n\t\t\t\t\t\t\t<div class=\"elementor-spacer\">\n\t\t\t<div class=\"elementor-spacer-inner\"><\/div>\n\t\t<\/div>\n\t\t\t\t\t\t<\/div>\n\t\t\t\t<\/div>\n\t\t\t\t\t<\/div>\n\t\t\t\t<\/div>\n\t\t<div class=\"elementor-element elementor-element-a1d41b5 e-flex e-con-boxed wpr-particle-no wpr-jarallax-no wpr-parallax-no wpr-sticky-section-no e-con e-parent\" data-id=\"a1d41b5\" data-element_type=\"container\" data-e-type=\"container\">\n\t\t\t\t\t<div class=\"e-con-inner\">\n\t\t\t\t<div class=\"elementor-element elementor-element-669fe73 elementor-widget elementor-widget-text-editor\" data-id=\"669fe73\" data-element_type=\"widget\" data-e-type=\"widget\" data-widget_type=\"text-editor.default\">\n\t\t\t\t<div class=\"elementor-widget-container\">\n\t\t\t\t\t\t\t\t\t<p style=\"text-align: center;\">Suite \u00e0 cette premi\u00e8re rencontre, un second rendez-vous est planifi\u00e9 dans lequel vous aurez l&rsquo;opportunit\u00e9 d&rsquo;essayer la pi\u00e8ce confectionn\u00e9e dans le tissu final choisi. Cette \u00e9tape vous permet de visualiser le v\u00eatement dans sa forme finale, vous offrant l&rsquo;occasion de faire des retouches finales pour garantir un ajustement parfait.<\/p>\t\t\t\t\t\t\t\t<\/div>\n\t\t\t\t<\/div>\n\t\t\t\t<div class=\"elementor-element elementor-element-fdba6ea elementor-widget elementor-widget-spacer\" data-id=\"fdba6ea\" data-element_type=\"widget\" data-e-type=\"widget\" data-widget_type=\"spacer.default\">\n\t\t\t\t<div class=\"elementor-widget-container\">\n\t\t\t\t\t\t\t<div class=\"elementor-spacer\">\n\t\t\t<div class=\"elementor-spacer-inner\"><\/div>\n\t\t<\/div>\n\t\t\t\t\t\t<\/div>\n\t\t\t\t<\/div>\n\t\t\t\t<div class=\"elementor-element elementor-element-7519ac3 elementor-widget elementor-widget-image\" data-id=\"7519ac3\" data-element_type=\"widget\" data-e-type=\"widget\" data-widget_type=\"image.default\">\n\t\t\t\t<div class=\"elementor-widget-container\">\n\t\t\t\t\t\t\t\t\t\t\t\t\t\t\t<img decoding=\"async\" width=\"1024\" height=\"97\" src=\"https:\/\/mimesis.paris\/wp-content\/uploads\/2024\/01\/584439dba6515b1e0ad75b6e-1024x97.png\" class=\"attachment-large size-large wp-image-465\" alt=\"\" srcset=\"https:\/\/mimesis.paris\/wp-content\/uploads\/2024\/01\/584439dba6515b1e0ad75b6e-1024x97.png 1024w, https:\/\/mimesis.paris\/wp-content\/uploads\/2024\/01\/584439dba6515b1e0ad75b6e-300x28.png 300w, https:\/\/mimesis.paris\/wp-content\/uploads\/2024\/01\/584439dba6515b1e0ad75b6e-768x73.png 768w, https:\/\/mimesis.paris\/wp-content\/uploads\/2024\/01\/584439dba6515b1e0ad75b6e-1536x145.png 1536w, https:\/\/mimesis.paris\/wp-content\/uploads\/2024\/01\/584439dba6515b1e0ad75b6e-2048x194.png 2048w, https:\/\/mimesis.paris\/wp-content\/uploads\/2024\/01\/584439dba6515b1e0ad75b6e-600x57.png 600w\" sizes=\"(max-width: 1024px) 100vw, 1024px\" \/>\t\t\t\t\t\t\t\t\t\t\t\t\t\t\t<\/div>\n\t\t\t\t<\/div>\n\t\t\t\t<div class=\"elementor-element elementor-element-792cedd elementor-widget elementor-widget-spacer\" data-id=\"792cedd\" data-element_type=\"widget\" data-e-type=\"widget\" data-widget_type=\"spacer.default\">\n\t\t\t\t<div class=\"elementor-widget-container\">\n\t\t\t\t\t\t\t<div class=\"elementor-spacer\">\n\t\t\t<div class=\"elementor-spacer-inner\"><\/div>\n\t\t<\/div>\n\t\t\t\t\t\t<\/div>\n\t\t\t\t<\/div>\n\t\t\t\t\t<\/div>\n\t\t\t\t<\/div>\n\t\t<div class=\"elementor-element elementor-element-d035000 e-flex e-con-boxed wpr-particle-no wpr-jarallax-no wpr-parallax-no wpr-sticky-section-no e-con e-parent\" data-id=\"d035000\" data-element_type=\"container\" data-e-type=\"container\">\n\t\t\t\t\t<div class=\"e-con-inner\">\n\t\t<div class=\"elementor-element elementor-element-9fff7cf e-con-full e-flex wpr-particle-no wpr-jarallax-no wpr-parallax-no wpr-sticky-section-no e-con e-child\" data-id=\"9fff7cf\" data-element_type=\"container\" data-e-type=\"container\">\n\t\t\t\t<div class=\"elementor-element elementor-element-2a16b94 elementor-widget elementor-widget-text-editor\" data-id=\"2a16b94\" data-element_type=\"widget\" data-e-type=\"widget\" data-widget_type=\"text-editor.default\">\n\t\t\t\t<div class=\"elementor-widget-container\">\n\t\t\t\t\t\t\t\t\t<p class=\"has-text-align-center\" style=\"text-align: center;\">Ma priorit\u00e9 est de m&rsquo;assurer que chaque d\u00e9tail correspond \u00e0 vos souhaits et que le v\u00eatement refl\u00e8te votre personnalit\u00e9 et votre style. C&rsquo;est pourquoi je m&rsquo;engage \u00e0 r\u00e9aliser les ajustements n\u00e9cessaires pour que le rendu final soit \u00e0 la hauteur de vos attentes.<\/p>\n<p class=\"has-text-align-center\" style=\"text-align: center;\">Ce processus sur mesure vise \u00e0 vous offrir un v\u00eatement parfaitement adapt\u00e9, o\u00f9 chaque couture t\u00e9moigne de l&rsquo;attention port\u00e9e \u00e0 la qualit\u00e9 et \u00e0 l&rsquo;esth\u00e9tique. \u00c0 chaque \u00e9tape, mon objectif est de cr\u00e9er une pi\u00e8ce unique qui vous ravira et vous mettra en valeur lors de chaque port.<\/p>\n<p>\u00a0<\/p>\t\t\t\t\t\t\t\t<\/div>\n\t\t\t\t<\/div>\n\t\t\t\t<\/div>\n\t\t<div class=\"elementor-element elementor-element-8a6b010 e-con-full e-flex wpr-particle-no wpr-jarallax-no wpr-parallax-no wpr-sticky-section-no e-con e-child\" data-id=\"8a6b010\" data-element_type=\"container\" data-e-type=\"container\">\n\t\t\t\t<div class=\"elementor-element elementor-element-d2c8537 elementor-widget elementor-widget-image\" data-id=\"d2c8537\" data-element_type=\"widget\" data-e-type=\"widget\" data-widget_type=\"image.default\">\n\t\t\t\t<div class=\"elementor-widget-container\">\n\t\t\t\t\t\t\t\t\t\t\t\t\t\t\t<img decoding=\"async\" width=\"683\" height=\"1024\" src=\"https:\/\/mimesis.paris\/wp-content\/uploads\/2023\/12\/pexels-michael-burrows-7147462-1-683x1024.jpg\" class=\"attachment-large size-large wp-image-179\" alt=\"\" srcset=\"https:\/\/mimesis.paris\/wp-content\/uploads\/2023\/12\/pexels-michael-burrows-7147462-1-683x1024.jpg 683w, https:\/\/mimesis.paris\/wp-content\/uploads\/2023\/12\/pexels-michael-burrows-7147462-1-200x300.jpg 200w, https:\/\/mimesis.paris\/wp-content\/uploads\/2023\/12\/pexels-michael-burrows-7147462-1-768x1152.jpg 768w, https:\/\/mimesis.paris\/wp-content\/uploads\/2023\/12\/pexels-michael-burrows-7147462-1-1024x1536.jpg 1024w, https:\/\/mimesis.paris\/wp-content\/uploads\/2023\/12\/pexels-michael-burrows-7147462-1-1365x2048.jpg 1365w, https:\/\/mimesis.paris\/wp-content\/uploads\/2023\/12\/pexels-michael-burrows-7147462-1-40x60.jpg 40w, https:\/\/mimesis.paris\/wp-content\/uploads\/2023\/12\/pexels-michael-burrows-7147462-1-scaled.jpg 1707w\" sizes=\"(max-width: 683px) 100vw, 683px\" \/>\t\t\t\t\t\t\t\t\t\t\t\t\t\t\t<\/div>\n\t\t\t\t<\/div>\n\t\t\t\t<\/div>\n\t\t\t\t\t<\/div>\n\t\t\t\t<\/div>\n\t\t\t\t<\/div>\n\t\t","protected":false},"excerpt":{"rendered":"<p>\u00a0 Dans le souci de vous offrir une exp\u00e9rience de couture sur mesure incomparable, je privil\u00e9gie un processus d&rsquo;essayage personnalis\u00e9 et m\u00e9ticuleux. Le parcours commence par un premier rendez-vous \u00e0 votre domicile, o\u00f9 nous entamons la phase cruciale de l&rsquo;essayage de la toile. Lors de cette premi\u00e8re \u00e9tape, nous \u00e9valuons ensemble la coupe, les proportions &hellip; <\/p>\n","protected":false},"author":1,"featured_media":0,"parent":0,"menu_order":0,"comment_status":"closed","ping_status":"closed","template":"","meta":{"_themeisle_gutenberg_block_has_review":false,"footnotes":""},"class_list":["post-173","page","type-page","status-publish","hentry"],"yoast_head":"<!-- This site is optimized with the Yoast SEO plugin v27.1.1 - https:\/\/yoast.com\/product\/yoast-seo-wordpress\/ -->\n<title>Essayage - MIMESIS COSTUMES<\/title>\n<meta name=\"robots\" content=\"index, follow, max-snippet:-1, max-image-preview:large, max-video-preview:-1\" \/>\n<link rel=\"canonical\" href=\"https:\/\/mimesis.paris\/index.php\/essayage\/\" \/>\n<meta property=\"og:locale\" content=\"fr_FR\" \/>\n<meta property=\"og:type\" content=\"article\" \/>\n<meta property=\"og:title\" content=\"Essayage - MIMESIS COSTUMES\" \/>\n<meta property=\"og:description\" content=\"\u00a0 Dans le souci de vous offrir une exp\u00e9rience de couture sur mesure incomparable, je privil\u00e9gie un processus d&rsquo;essayage personnalis\u00e9 et m\u00e9ticuleux. Le parcours commence par un premier rendez-vous \u00e0 votre domicile, o\u00f9 nous entamons la phase cruciale de l&rsquo;essayage de la toile. Lors de cette premi\u00e8re \u00e9tape, nous \u00e9valuons ensemble la coupe, les proportions &hellip;\" \/>\n<meta property=\"og:url\" content=\"https:\/\/mimesis.paris\/index.php\/essayage\/\" \/>\n<meta property=\"og:site_name\" content=\"MIMESIS COSTUMES\" \/>\n<meta property=\"article:modified_time\" content=\"2024-01-03T16:15:44+00:00\" \/>\n<meta property=\"og:image\" content=\"http:\/\/mimesis.paris\/wp-content\/uploads\/2023\/12\/pexels-michael-burrows-7147584-1-683x1024.jpg\" \/>\n<meta name=\"twitter:card\" content=\"summary_large_image\" \/>\n<meta name=\"twitter:label1\" content=\"Dur\u00e9e de lecture estim\u00e9e\" \/>\n\t<meta name=\"twitter:data1\" content=\"1 minute\" \/>\n<script type=\"application\/ld+json\" class=\"yoast-schema-graph\">{\"@context\":\"https:\/\/schema.org\",\"@graph\":[{\"@type\":\"WebPage\",\"@id\":\"https:\/\/mimesis.paris\/index.php\/essayage\/\",\"url\":\"https:\/\/mimesis.paris\/index.php\/essayage\/\",\"name\":\"Essayage - MIMESIS COSTUMES\",\"isPartOf\":{\"@id\":\"https:\/\/mimesis.paris\/#website\"},\"primaryImageOfPage\":{\"@id\":\"https:\/\/mimesis.paris\/index.php\/essayage\/#primaryimage\"},\"image\":{\"@id\":\"https:\/\/mimesis.paris\/index.php\/essayage\/#primaryimage\"},\"thumbnailUrl\":\"http:\/\/mimesis.paris\/wp-content\/uploads\/2023\/12\/pexels-michael-burrows-7147584-1-683x1024.jpg\",\"datePublished\":\"2023-12-05T17:17:36+00:00\",\"dateModified\":\"2024-01-03T16:15:44+00:00\",\"inLanguage\":\"fr-FR\",\"potentialAction\":[{\"@type\":\"ReadAction\",\"target\":[\"https:\/\/mimesis.paris\/index.php\/essayage\/\"]}]},{\"@type\":\"ImageObject\",\"inLanguage\":\"fr-FR\",\"@id\":\"https:\/\/mimesis.paris\/index.php\/essayage\/#primaryimage\",\"url\":\"http:\/\/mimesis.paris\/wp-content\/uploads\/2023\/12\/pexels-michael-burrows-7147584-1-683x1024.jpg\",\"contentUrl\":\"http:\/\/mimesis.paris\/wp-content\/uploads\/2023\/12\/pexels-michael-burrows-7147584-1-683x1024.jpg\"},{\"@type\":\"WebSite\",\"@id\":\"https:\/\/mimesis.paris\/#website\",\"url\":\"https:\/\/mimesis.paris\/\",\"name\":\"MIMESIS COSTUMES\",\"description\":\"Paris\",\"publisher\":{\"@id\":\"https:\/\/mimesis.paris\/#\/schema\/person\/338a7eb9286ed12d69730a2c561a346e\"},\"potentialAction\":[{\"@type\":\"SearchAction\",\"target\":{\"@type\":\"EntryPoint\",\"urlTemplate\":\"https:\/\/mimesis.paris\/?s={search_term_string}\"},\"query-input\":{\"@type\":\"PropertyValueSpecification\",\"valueRequired\":true,\"valueName\":\"search_term_string\"}}],\"inLanguage\":\"fr-FR\"},{\"@type\":[\"Person\",\"Organization\"],\"@id\":\"https:\/\/mimesis.paris\/#\/schema\/person\/338a7eb9286ed12d69730a2c561a346e\",\"name\":\"admin7558\",\"image\":{\"@type\":\"ImageObject\",\"inLanguage\":\"fr-FR\",\"@id\":\"https:\/\/mimesis.paris\/#\/schema\/person\/image\/\",\"url\":\"https:\/\/mimesis.paris\/wp-content\/uploads\/2023\/12\/cropped-Mimesis-Costumes-Logo-1-e1701484539251.png\",\"contentUrl\":\"https:\/\/mimesis.paris\/wp-content\/uploads\/2023\/12\/cropped-Mimesis-Costumes-Logo-1-e1701484539251.png\",\"width\":200,\"height\":101,\"caption\":\"admin7558\"},\"logo\":{\"@id\":\"https:\/\/mimesis.paris\/#\/schema\/person\/image\/\"},\"sameAs\":[\"http:\/\/mimesis.paris\"]}]}<\/script>\n<!-- \/ Yoast SEO plugin. -->","yoast_head_json":{"title":"Essayage - MIMESIS COSTUMES","robots":{"index":"index","follow":"follow","max-snippet":"max-snippet:-1","max-image-preview":"max-image-preview:large","max-video-preview":"max-video-preview:-1"},"canonical":"https:\/\/mimesis.paris\/index.php\/essayage\/","og_locale":"fr_FR","og_type":"article","og_title":"Essayage - MIMESIS COSTUMES","og_description":"\u00a0 Dans le souci de vous offrir une exp\u00e9rience de couture sur mesure incomparable, je privil\u00e9gie un processus d&rsquo;essayage personnalis\u00e9 et m\u00e9ticuleux. Le parcours commence par un premier rendez-vous \u00e0 votre domicile, o\u00f9 nous entamons la phase cruciale de l&rsquo;essayage de la toile. Lors de cette premi\u00e8re \u00e9tape, nous \u00e9valuons ensemble la coupe, les proportions &hellip;","og_url":"https:\/\/mimesis.paris\/index.php\/essayage\/","og_site_name":"MIMESIS COSTUMES","article_modified_time":"2024-01-03T16:15:44+00:00","og_image":[{"url":"http:\/\/mimesis.paris\/wp-content\/uploads\/2023\/12\/pexels-michael-burrows-7147584-1-683x1024.jpg","type":"","width":"","height":""}],"twitter_card":"summary_large_image","twitter_misc":{"Dur\u00e9e de lecture estim\u00e9e":"1 minute"},"schema":{"@context":"https:\/\/schema.org","@graph":[{"@type":"WebPage","@id":"https:\/\/mimesis.paris\/index.php\/essayage\/","url":"https:\/\/mimesis.paris\/index.php\/essayage\/","name":"Essayage - MIMESIS COSTUMES","isPartOf":{"@id":"https:\/\/mimesis.paris\/#website"},"primaryImageOfPage":{"@id":"https:\/\/mimesis.paris\/index.php\/essayage\/#primaryimage"},"image":{"@id":"https:\/\/mimesis.paris\/index.php\/essayage\/#primaryimage"},"thumbnailUrl":"http:\/\/mimesis.paris\/wp-content\/uploads\/2023\/12\/pexels-michael-burrows-7147584-1-683x1024.jpg","datePublished":"2023-12-05T17:17:36+00:00","dateModified":"2024-01-03T16:15:44+00:00","inLanguage":"fr-FR","potentialAction":[{"@type":"ReadAction","target":["https:\/\/mimesis.paris\/index.php\/essayage\/"]}]},{"@type":"ImageObject","inLanguage":"fr-FR","@id":"https:\/\/mimesis.paris\/index.php\/essayage\/#primaryimage","url":"http:\/\/mimesis.paris\/wp-content\/uploads\/2023\/12\/pexels-michael-burrows-7147584-1-683x1024.jpg","contentUrl":"http:\/\/mimesis.paris\/wp-content\/uploads\/2023\/12\/pexels-michael-burrows-7147584-1-683x1024.jpg"},{"@type":"WebSite","@id":"https:\/\/mimesis.paris\/#website","url":"https:\/\/mimesis.paris\/","name":"MIMESIS COSTUMES","description":"Paris","publisher":{"@id":"https:\/\/mimesis.paris\/#\/schema\/person\/338a7eb9286ed12d69730a2c561a346e"},"potentialAction":[{"@type":"SearchAction","target":{"@type":"EntryPoint","urlTemplate":"https:\/\/mimesis.paris\/?s={search_term_string}"},"query-input":{"@type":"PropertyValueSpecification","valueRequired":true,"valueName":"search_term_string"}}],"inLanguage":"fr-FR"},{"@type":["Person","Organization"],"@id":"https:\/\/mimesis.paris\/#\/schema\/person\/338a7eb9286ed12d69730a2c561a346e","name":"admin7558","image":{"@type":"ImageObject","inLanguage":"fr-FR","@id":"https:\/\/mimesis.paris\/#\/schema\/person\/image\/","url":"https:\/\/mimesis.paris\/wp-content\/uploads\/2023\/12\/cropped-Mimesis-Costumes-Logo-1-e1701484539251.png","contentUrl":"https:\/\/mimesis.paris\/wp-content\/uploads\/2023\/12\/cropped-Mimesis-Costumes-Logo-1-e1701484539251.png","width":200,"height":101,"caption":"admin7558"},"logo":{"@id":"https:\/\/mimesis.paris\/#\/schema\/person\/image\/"},"sameAs":["http:\/\/mimesis.paris"]}]}},"_links":{"self":[{"href":"https:\/\/mimesis.paris\/index.php\/wp-json\/wp\/v2\/pages\/173","targetHints":{"allow":["GET"]}}],"collection":[{"href":"https:\/\/mimesis.paris\/index.php\/wp-json\/wp\/v2\/pages"}],"about":[{"href":"https:\/\/mimesis.paris\/index.php\/wp-json\/wp\/v2\/types\/page"}],"author":[{"embeddable":true,"href":"https:\/\/mimesis.paris\/index.php\/wp-json\/wp\/v2\/users\/1"}],"replies":[{"embeddable":true,"href":"https:\/\/mimesis.paris\/index.php\/wp-json\/wp\/v2\/comments?post=173"}],"version-history":[{"count":20,"href":"https:\/\/mimesis.paris\/index.php\/wp-json\/wp\/v2\/pages\/173\/revisions"}],"predecessor-version":[{"id":503,"href":"https:\/\/mimesis.paris\/index.php\/wp-json\/wp\/v2\/pages\/173\/revisions\/503"}],"wp:attachment":[{"href":"https:\/\/mimesis.paris\/index.php\/wp-json\/wp\/v2\/media?parent=173"}],"curies":[{"name":"wp","href":"https:\/\/api.w.org\/{rel}","templated":true}]}}